{"id":53,"date":"2025-09-15T14:53:32","date_gmt":"2025-09-15T14:53:32","guid":{"rendered":"https:\/\/m2enginova.com\/?page_id=53"},"modified":"2025-12-17T12:03:22","modified_gmt":"2025-12-17T12:03:22","slug":"about-us","status":"publish","type":"page","link":"https:\/\/m2enginova.com\/fr\/about-us\/","title":{"rendered":"Qui sommes nous"},"content":{"rendered":"<div data-elementor-type=\"wp-page\" data-elementor-id=\"53\" class=\"elementor elementor-53\" data-elementor-post-type=\"page\">\n\t\t\t\t<div class=\"elementor-element elementor-element-193bfa4 e-flex e-con-boxed e-con e-parent\" data-id=\"193bfa4\" data-element_type=\"container\" data-e-type=\"container\" data-settings=\"{&quot;background_background&quot;:&quot;classic&quot;}\">\n\t\t\t\t\t<div class=\"e-con-inner\">\n\t\t\t\t<div class=\"elementor-element elementor-element-0d9f10a elementor-invisible elementor-widget elementor-widget-heading\" data-id=\"0d9f10a\" data-element_type=\"widget\" data-e-type=\"widget\" data-settings=\"{&quot;_animation&quot;:&quot;fadeInDown&quot;}\" data-widget_type=\"heading.default\">\n\t\t\t\t\t<h1 class=\"elementor-heading-title elementor-size-default\">Qui sommes nous<\/h1>\t\t\t\t<\/div>\n\t\t\t\t\t<\/div>\n\t\t\t\t<\/div>\n\t\t<div class=\"elementor-element elementor-element-ed94ee2 e-flex e-con-boxed e-con e-parent\" data-id=\"ed94ee2\" data-element_type=\"container\" data-e-type=\"container\" data-settings=\"{&quot;background_background&quot;:&quot;classic&quot;}\">\n\t\t\t\t\t<div class=\"e-con-inner\">\n\t\t<div class=\"elementor-element elementor-element-a292513 e-con-full e-flex e-con e-child\" data-id=\"a292513\" data-element_type=\"container\" data-e-type=\"container\">\n\t\t\t\t<div class=\"elementor-element elementor-element-53f20fa elementor-invisible elementor-widget elementor-widget-image\" data-id=\"53f20fa\" data-element_type=\"widget\" data-e-type=\"widget\" data-settings=\"{&quot;_animation&quot;:&quot;fadeInLeft&quot;}\" data-widget_type=\"image.default\">\n\t\t\t\t\t\t\t\t\t\t\t\t\t\t\t<img fetchpriority=\"high\" decoding=\"async\" width=\"606\" height=\"1024\" src=\"https:\/\/m2enginova.com\/wp-content\/uploads\/2025\/09\/Phtoto-MMa-606x1024.jpg\" class=\"attachment-large size-large wp-image-213\" alt=\"\" srcset=\"https:\/\/m2enginova.com\/wp-content\/uploads\/2025\/09\/Phtoto-MMa-606x1024.jpg 606w, https:\/\/m2enginova.com\/wp-content\/uploads\/2025\/09\/Phtoto-MMa-178x300.jpg 178w, https:\/\/m2enginova.com\/wp-content\/uploads\/2025\/09\/Phtoto-MMa-768x1297.jpg 768w, https:\/\/m2enginova.com\/wp-content\/uploads\/2025\/09\/Phtoto-MMa-910x1536.jpg 910w, https:\/\/m2enginova.com\/wp-content\/uploads\/2025\/09\/Phtoto-MMa-1213x2048.jpg 1213w, https:\/\/m2enginova.com\/wp-content\/uploads\/2025\/09\/Phtoto-MMa.jpg 1263w\" sizes=\"(max-width: 606px) 100vw, 606px\" \/>\t\t\t\t\t\t\t\t\t\t\t\t\t\t\t<\/div>\n\t\t\t\t<\/div>\n\t\t<div class=\"elementor-element elementor-element-61fc7e4 e-con-full e-flex e-con e-child\" data-id=\"61fc7e4\" data-element_type=\"container\" data-e-type=\"container\">\n\t\t\t\t<div class=\"elementor-element elementor-element-9d188b0 elementor-invisible elementor-widget elementor-widget-heading\" data-id=\"9d188b0\" data-element_type=\"widget\" data-e-type=\"widget\" data-settings=\"{&quot;_animation&quot;:&quot;fadeIn&quot;}\" data-widget_type=\"heading.default\">\n\t\t\t\t\t<h3 class=\"elementor-heading-title elementor-size-default\">Cr\u00e9ation\n<\/h3>\t\t\t\t<\/div>\n\t\t\t\t<div class=\"elementor-element elementor-element-7847db3 elementor-invisible elementor-widget elementor-widget-text-editor\" data-id=\"7847db3\" data-element_type=\"widget\" data-e-type=\"widget\" data-settings=\"{&quot;_animation&quot;:&quot;fadeIn&quot;}\" data-widget_type=\"text-editor.default\">\n\t\t\t\t\t\t\t\t\t<p>M2 EngiNova Consulting (M2ENC) a \u00e9t\u00e9 fond\u00e9e en 2026 par Mounzer Mahmoud. Ing\u00e9nieur Civil puis Docteur de l'Ecole Nationale des Ponts et Chauss\u00e9es (Ecole des Pont ParisTech) \u00e0 Paris.<\/p><p>M2EC poss\u00e8de une vaste et riche exp\u00e9rience multidisciplinaire, acquise gr\u00e2ce aux longues carri\u00e8res de ses consultants dans une grande vari\u00e9t\u00e9 de pays et dans de multiples domaines.<\/p><p>Aujourd'hui, les consultants de M2ENC sont pr\u00eats \u00e0 aider les entreprises, les services publics et les op\u00e9rateurs de l'\u00e9nergie dans leurs actions li\u00e9es \u00e0 la constructions et \u00e0 l'ing\u00e9nierie, aux appels d'offres et \u00e0 l'ex\u00e9cution de leurs projets, ainsi qu'\u00e0 les aider sur des probl\u00e9matiques sp\u00e9cifiques en mati\u00e8re d'ing\u00e9nierie, de construction, de gestion de projet, d'e Sourcing et de Process op\u00e9rationnels.<\/p>\t\t\t\t\t\t\t\t<\/div>\n\t\t\t\t<div class=\"elementor-element elementor-element-e69159f elementor-position-inline-start elementor-view-default elementor-mobile-position-block-start elementor-widget elementor-widget-icon-box\" data-id=\"e69159f\" data-element_type=\"widget\" data-e-type=\"widget\" data-widget_type=\"icon-box.default\">\n\t\t\t\t\t\t\t<div class=\"elementor-icon-box-wrapper\">\n\n\t\t\t\t\t\t<div class=\"elementor-icon-box-icon\">\n\t\t\t\t<a href=\"https:\/\/www.linkedin.com\/in\/mounzer-mahmoud-ge?utm_source=share&#038;utm_campaign=share_via&#038;utm_content=profile&#038;utm_medium=android_app%20\" target=\"_blank\" class=\"elementor-icon\" tabindex=\"-1\" aria-label=\"Cr\u00e9ation linkedin\">\n\t\t\t\t<svg aria-hidden=\"true\" class=\"e-font-icon-svg e-fab-linkedin-in\" viewbox=\"0 0 448 512\" xmlns=\"http:\/\/www.w3.org\/2000\/svg\"><path d=\"M100.28 448H7.4V148.9h92.88zM53.79 108.1C24.09 108.1 0 83.5 0 53.8a53.79 53.79 0 0 1 107.58 0c0 29.7-24.1 54.3-53.79 54.3zM447.9 448h-92.68V302.4c0-34.7-.7-79.2-48.29-79.2-48.29 0-55.69 37.7-55.69 76.7V448h-92.78V148.9h89.08v40.8h1.3c12.4-23.5 42.69-48.3 87.88-48.3 94 0 111.28 61.9 111.28 142.3V448z\"><\/path><\/svg>\t\t\t\t<\/a>\n\t\t\t<\/div>\n\t\t\t\n\t\t\t\t\t\t<div class=\"elementor-icon-box-content\">\n\n\t\t\t\t\t\t\t\t\t<h3 class=\"elementor-icon-box-title\">\n\t\t\t\t\t\t<a href=\"https:\/\/www.linkedin.com\/in\/mounzer-mahmoud-ge?utm_source=share&#038;utm_campaign=share_via&#038;utm_content=profile&#038;utm_medium=android_app%20\" target=\"_blank\" >\n\t\t\t\t\t\t\tCr\u00e9ation linkedin\t\t\t\t\t\t<\/a>\n\t\t\t\t\t<\/h3>\n\t\t\t\t\n\t\t\t\t\n\t\t\t<\/div>\n\t\t\t\n\t\t<\/div>\n\t\t\t\t\t\t<\/div>\n\t\t\t\t<\/div>\n\t\t\t\t\t<\/div>\n\t\t\t\t<\/div>\n\t\t<div class=\"elementor-element elementor-element-71372ea e-flex e-con-boxed e-con e-parent\" data-id=\"71372ea\" data-element_type=\"container\" data-e-type=\"container\" data-settings=\"{&quot;background_background&quot;:&quot;classic&quot;}\">\n\t\t\t\t\t<div class=\"e-con-inner\">\n\t\t<div class=\"elementor-element elementor-element-f7a1a63 e-con-full e-flex e-con e-child\" data-id=\"f7a1a63\" data-element_type=\"container\" data-e-type=\"container\">\n\t\t\t\t<div class=\"elementor-element elementor-element-f9c7f24 pp-info-box-left elementor-widget__width-initial elementor-invisible elementor-widget elementor-widget-pp-info-box\" data-id=\"f9c7f24\" data-element_type=\"widget\" data-e-type=\"widget\" data-settings=\"{&quot;_animation&quot;:&quot;fadeInUp&quot;}\" data-widget_type=\"pp-info-box.default\">\n\t\t\t\t\t\t\t<div class=\"pp-info-box-container\">\n\t\t\t<div class=\"pp-info-box\">\n\t\t\t\t\t\t\t\t\t<div class=\"pp-info-box-icon-wrap\">\n\t\t\t\t\t\t\t\t\t\t\t\t\t\t<span class=\"pp-info-box-icon pp-icon\">\n\t\t\t\t\t<\/span>\n\t\t\t\t\t\t\t\t\t\t\t\t\t<\/div>\n\t\t\t\t\t\t\t\t<div class=\"pp-info-box-content\">\n\t\t\t\t\t<div class=\"pp-info-box-title-wrap\">\n\t\t\t\t\t\t\t\t\t\t\t\t\t<div class=\"pp-info-box-title-container\">\n\t\t\t\t\t\t\t\t<h5 class=\"pp-info-box-title\">\n\t\t\t\t\t\t\t\t\tFormation des consultants\t\t\t\t\t\t\t\t<\/h5>\n\t\t\t\t\t\t\t<\/div>\n\t\t\t\t\t\t\t\t\t\t\t\t<\/div>\n\n\t\t\t\t\t\n\t\t\t\t\t\t\t\t\t\t\t<div class=\"pp-info-box-description\">\n\t\t\t\t\t\t\t<ul><li>Dipl\u00f4me d'ing\u00e9nieur en g\u00e9nie civil, DEA en m\u00e9canique appliqu\u00e9e, doctorat en structures et mat\u00e9riaux<br \/><br \/><\/li><li>Ing\u00e9nieur en \u00e9lectricit\u00e9 et \u00e9lectronique, Executive MBA<\/li><\/ul>\t\t\t\t\t\t<\/div>\n\t\t\t\t\t\t\t\t\t\t\t\t\t\t<\/div>\n\t\t\t<\/div>\n\t\t<\/div>\n\t\t\t\t\t\t<\/div>\n\t\t\t\t<div class=\"elementor-element elementor-element-6ea77f4 pp-info-box-left elementor-widget__width-initial elementor-invisible elementor-widget elementor-widget-pp-info-box\" data-id=\"6ea77f4\" data-element_type=\"widget\" data-e-type=\"widget\" data-settings=\"{&quot;_animation&quot;:&quot;fadeInUp&quot;,&quot;_animation_delay&quot;:100}\" data-widget_type=\"pp-info-box.default\">\n\t\t\t\t\t\t\t<div class=\"pp-info-box-container\">\n\t\t\t<div class=\"pp-info-box\">\n\t\t\t\t\t\t\t\t\t<div class=\"pp-info-box-icon-wrap\">\n\t\t\t\t\t\t\t\t\t\t\t\t\t\t<span class=\"pp-info-box-icon pp-icon\">\n\t\t\t\t\t<\/span>\n\t\t\t\t\t\t\t\t\t\t\t\t\t<\/div>\n\t\t\t\t\t\t\t\t<div class=\"pp-info-box-content\">\n\t\t\t\t\t<div class=\"pp-info-box-title-wrap\">\n\t\t\t\t\t\t\t\t\t\t\t\t\t<div class=\"pp-info-box-title-container\">\n\t\t\t\t\t\t\t\t<h5 class=\"pp-info-box-title\">\n\t\t\t\t\t\t\t\t\tNos valeurs\t\t\t\t\t\t\t\t<\/h5>\n\t\t\t\t\t\t\t<\/div>\n\t\t\t\t\t\t\t\t\t\t\t\t<\/div>\n\n\t\t\t\t\t\n\t\t\t\t\t\t\t\t\t\t\t<div class=\"pp-info-box-description\">\n\t\t\t\t\t\t\t<ul><li>Trust<\/li><li>Transparence<\/li><li>Simplicit\u00e9<\/li><li>Respect<\/li><li>Responsabilit\u00e9<\/li><\/ul>\t\t\t\t\t\t<\/div>\n\t\t\t\t\t\t\t\t\t\t\t\t\t\t<\/div>\n\t\t\t<\/div>\n\t\t<\/div>\n\t\t\t\t\t\t<\/div>\n\t\t\t\t<\/div>\n\t\t\t\t<div class=\"elementor-element elementor-element-a40bd1d pp-info-box-left elementor-invisible elementor-widget elementor-widget-pp-info-box\" data-id=\"a40bd1d\" data-element_type=\"widget\" data-e-type=\"widget\" data-settings=\"{&quot;_animation&quot;:&quot;fadeInUp&quot;,&quot;_animation_delay&quot;:200}\" data-widget_type=\"pp-info-box.default\">\n\t\t\t\t\t\t\t<div class=\"pp-info-box-container\">\n\t\t\t<div class=\"pp-info-box\">\n\t\t\t\t\t\t\t\t\t<div class=\"pp-info-box-icon-wrap\">\n\t\t\t\t\t\t\t\t\t\t\t\t\t\t<span class=\"pp-info-box-icon pp-icon\">\n\t\t\t\t\t<\/span>\n\t\t\t\t\t\t\t\t\t\t\t\t\t<\/div>\n\t\t\t\t\t\t\t\t<div class=\"pp-info-box-content\">\n\t\t\t\t\t<div class=\"pp-info-box-title-wrap\">\n\t\t\t\t\t\t\t\t\t\t\t\t\t<div class=\"pp-info-box-title-container\">\n\t\t\t\t\t\t\t\t<h5 class=\"pp-info-box-title\">\n\t\t\t\t\t\t\t\t\tNotre philosophie\t\t\t\t\t\t\t\t<\/h5>\n\t\t\t\t\t\t\t<\/div>\n\t\t\t\t\t\t\t\t\t\t\t\t<\/div>\n\n\t\t\t\t\t\n\t\t\t\t\t\t\t\t\t\t\t<div class=\"pp-info-box-description\">\n\t\t\t\t\t\t\t<ul><li>Notre fiabilit\u00e9 r\u00e9side dans notre capacit\u00e9 \u00e0 proposer des solutions sp\u00e9cifiques et adapt\u00e9es aux besoins de chaque client. Chaque projet est unique et nous nous engageons \u00e0 fournir des services personnalis\u00e9s et de haute qualit\u00e9.<\/li><li>Nous avons une exp\u00e9rience \u00e9prouv\u00e9e dans diff\u00e9rentes disciplines pour de nombreux clients<\/li><li>G\u00e9n\u00e9rer de la valeur ajout\u00e9e pour les clients en proposant des solutions techniques innovantes et optimis\u00e9es qui vont au-del\u00e0 de leurs m\u00e9thodes et pratiques existantes.<\/li><\/ul>\t\t\t\t\t\t<\/div>\n\t\t\t\t\t\t\t\t\t\t\t\t\t\t<\/div>\n\t\t\t<\/div>\n\t\t<\/div>\n\t\t\t\t\t\t<\/div>\n\t\t\t\t<div class=\"elementor-element elementor-element-f64231a pp-info-box-left elementor-invisible elementor-widget elementor-widget-pp-info-box\" data-id=\"f64231a\" data-element_type=\"widget\" data-e-type=\"widget\" id=\"Commitment\" data-settings=\"{&quot;_animation&quot;:&quot;fadeInUp&quot;,&quot;_animation_delay&quot;:200}\" data-widget_type=\"pp-info-box.default\">\n\t\t\t\t\t\t\t<div class=\"pp-info-box-container\">\n\t\t\t<div class=\"pp-info-box\">\n\t\t\t\t\t\t\t\t\t<div class=\"pp-info-box-icon-wrap\">\n\t\t\t\t\t\t\t\t\t\t\t\t\t\t<span class=\"pp-info-box-icon pp-icon\">\n\t\t\t\t\t<\/span>\n\t\t\t\t\t\t\t\t\t\t\t\t\t<\/div>\n\t\t\t\t\t\t\t\t<div class=\"pp-info-box-content\">\n\t\t\t\t\t<div class=\"pp-info-box-title-wrap\">\n\t\t\t\t\t\t\t\t\t\t\t\t\t<div class=\"pp-info-box-title-container\">\n\t\t\t\t\t\t\t\t<h5 class=\"pp-info-box-title\">\n\t\t\t\t\t\t\t\t\tOur commitment\t\t\t\t\t\t\t\t<\/h5>\n\t\t\t\t\t\t\t<\/div>\n\t\t\t\t\t\t\t\t\t\t\t\t<\/div>\n\n\t\t\t\t\t\n\t\t\t\t\t\t\t\t\t\t\t<div class=\"pp-info-box-description\">\n\t\t\t\t\t\t\t<ul><li>Responsabilit\u00e9 sociale<\/li><li>S\u00e9curit\u00e9 et qualit\u00e9<\/li><li>Relations avec les autochtones<\/li><li>\u00c9thique<\/li><\/ul>\t\t\t\t\t\t<\/div>\n\t\t\t\t\t\t\t\t\t\t\t\t\t\t<\/div>\n\t\t\t<\/div>\n\t\t<\/div>\n\t\t\t\t\t\t<\/div>\n\t\t\t\t\t<\/div>\n\t\t\t\t<\/div>\n\t\t<div class=\"elementor-element elementor-element-1375424 e-flex e-con-boxed e-con e-parent\" data-id=\"1375424\" data-element_type=\"container\" data-e-type=\"container\" data-settings=\"{&quot;background_background&quot;:&quot;classic&quot;}\">\n\t\t\t\t\t<div class=\"e-con-inner\">\n\t\t<div class=\"elementor-element elementor-element-b7c1fc5 e-con-full e-flex e-con e-child\" data-id=\"b7c1fc5\" data-element_type=\"container\" data-e-type=\"container\">\n\t\t\t\t<div class=\"elementor-element elementor-element-97802c6 elementor-invisible elementor-widget elementor-widget-heading\" data-id=\"97802c6\" data-element_type=\"widget\" data-e-type=\"widget\" data-settings=\"{&quot;_animation&quot;:&quot;fadeInDown&quot;}\" data-widget_type=\"heading.default\">\n\t\t\t\t\t<h3 class=\"elementor-heading-title elementor-size-default\">Pourquoi nous faire confiance?<\/h3>\t\t\t\t<\/div>\n\t\t\t\t<div class=\"elementor-element elementor-element-67c9048 elementor-invisible elementor-widget elementor-widget-text-editor\" data-id=\"67c9048\" data-element_type=\"widget\" data-e-type=\"widget\" data-settings=\"{&quot;_animation&quot;:&quot;fadeIn&quot;}\" data-widget_type=\"text-editor.default\">\n\t\t\t\t\t\t\t\t\t<ul><li>Nous avons une vaste exp\u00e9rience dans diff\u00e9rentes entreprises, secteurs et pays acquise en travaillant dans de grandes entreprises multinationales<br \/><br \/><\/li><li>Nous avons une exp\u00e9rience \u00e9prouv\u00e9e dans diff\u00e9rentes disciplines pour de nombreux clients<br \/><br \/><\/li><li>Nous utilisons des approches scientifiques confirm\u00e9es par des exp\u00e9riences sur des cas r\u00e9els<\/li><\/ul>\t\t\t\t\t\t\t\t<\/div>\n\t\t\t\t<div class=\"elementor-element elementor-element-0d9901f elementor-widget elementor-widget-spacer\" data-id=\"0d9901f\" data-element_type=\"widget\" data-e-type=\"widget\" data-widget_type=\"spacer.default\">\n\t\t\t\t\t\t\t<div class=\"elementor-spacer\">\n\t\t\t<div class=\"elementor-spacer-inner\"><\/div>\n\t\t<\/div>\n\t\t\t\t\t\t<\/div>\n\t\t<div class=\"elementor-element elementor-element-6b06520 e-con-full e-flex e-con e-child\" data-id=\"6b06520\" data-element_type=\"container\" data-e-type=\"container\">\n\t\t<div class=\"elementor-element elementor-element-24b2ac6 e-con-full e-flex elementor-invisible e-con e-child\" data-id=\"24b2ac6\" data-element_type=\"container\" data-e-type=\"container\" data-settings=\"{&quot;background_background&quot;:&quot;classic&quot;,&quot;animation&quot;:&quot;fadeInUp&quot;}\">\n\t\t\t\t<div class=\"elementor-element elementor-element-c30ac8b elementor-widget elementor-widget-counter\" data-id=\"c30ac8b\" data-element_type=\"widget\" data-e-type=\"widget\" data-widget_type=\"counter.default\">\n\t\t\t\t\t\t\t<div class=\"elementor-counter\">\n\t\t\t<div class=\"elementor-counter-title\">Projets r\u00e9alis\u00e9s<\/div>\t\t\t<div class=\"elementor-counter-number-wrapper\">\n\t\t\t\t<span class=\"elementor-counter-number-prefix\"><\/span>\n\t\t\t\t<span class=\"elementor-counter-number\" data-duration=\"2000\" data-to-value=\"55\" data-from-value=\"0\" data-delimiter=\",\">0<\/span>\n\t\t\t\t<span class=\"elementor-counter-number-suffix\">+<\/span>\n\t\t\t<\/div>\n\t\t<\/div>\n\t\t\t\t\t\t<\/div>\n\t\t\t\t<\/div>\n\t\t<div class=\"elementor-element elementor-element-6992216 e-con-full e-flex elementor-invisible e-con e-child\" data-id=\"6992216\" data-element_type=\"container\" data-e-type=\"container\" data-settings=\"{&quot;background_background&quot;:&quot;classic&quot;,&quot;animation&quot;:&quot;fadeInUp&quot;,&quot;animation_delay&quot;:300}\">\n\t\t\t\t<div class=\"elementor-element elementor-element-6235bbf elementor-widget elementor-widget-counter\" data-id=\"6235bbf\" data-element_type=\"widget\" data-e-type=\"widget\" data-widget_type=\"counter.default\">\n\t\t\t\t\t\t\t<div class=\"elementor-counter\">\n\t\t\t<div class=\"elementor-counter-title\">Clients satisfaits<\/div>\t\t\t<div class=\"elementor-counter-number-wrapper\">\n\t\t\t\t<span class=\"elementor-counter-number-prefix\"><\/span>\n\t\t\t\t<span class=\"elementor-counter-number\" data-duration=\"2000\" data-to-value=\"38\" data-from-value=\"0\" data-delimiter=\",\">0<\/span>\n\t\t\t\t<span class=\"elementor-counter-number-suffix\">+<\/span>\n\t\t\t<\/div>\n\t\t<\/div>\n\t\t\t\t\t\t<\/div>\n\t\t\t\t<\/div>\n\t\t\t\t<\/div>\n\t\t\t\t<\/div>\n\t\t<div class=\"elementor-element elementor-element-ba79956 e-con-full e-flex e-con e-child\" data-id=\"ba79956\" data-element_type=\"container\" data-e-type=\"container\">\n\t\t\t\t<\/div>\n\t\t\t\t\t<\/div>\n\t\t\t\t<\/div>\n\t\t\t\t<\/div>","protected":false},"excerpt":{"rendered":"<p>About us Creation M2 EngiNova Consulting (M2ENC) was founded in 2026 by Mounzer Mahmoud. Civil Engineer then PhD from Ecole Nationale des Ponts et Chauss\u00e9es (Ecole des Pont ParisTech) in Paris. M2EC has extensive and rich multidisciplinary experience, acquired through long careers of its consultants in a wide variety of countries and in multiple fields. [&hellip;]<\/p>","protected":false},"author":1,"featured_media":0,"parent":0,"menu_order":0,"comment_status":"closed","ping_status":"closed","template":"elementor_header_footer","meta":{"_acf_changed":false,"footnotes":""},"class_list":["post-53","page","type-page","status-publish","hentry"],"acf":[],"yoast_head":"<!-- This site is optimized with the Yoast SEO plugin v27.4 - https:\/\/yoast.com\/product\/yoast-seo-wordpress\/ -->\n<title>About us - EngiNova<\/title>\n<meta name=\"robots\" content=\"index, follow, max-snippet:-1, max-image-preview:large, max-video-preview:-1\" \/>\n<link rel=\"canonical\" href=\"https:\/\/m2enginova.com\/fr\/about-us\/\" \/>\n<meta property=\"og:locale\" content=\"fr_FR\" \/>\n<meta property=\"og:type\" content=\"article\" \/>\n<meta property=\"og:title\" content=\"About us - EngiNova\" \/>\n<meta property=\"og:description\" content=\"About us Creation M2 EngiNova Consulting (M2ENC) was founded in 2026 by Mounzer Mahmoud. Civil Engineer then PhD from Ecole Nationale des Ponts et Chauss\u00e9es (Ecole des Pont ParisTech) in Paris. M2EC has extensive and rich multidisciplinary experience, acquired through long careers of its consultants in a wide variety of countries and in multiple fields. [&hellip;]\" \/>\n<meta property=\"og:url\" content=\"https:\/\/m2enginova.com\/fr\/about-us\/\" \/>\n<meta property=\"og:site_name\" content=\"EngiNova\" \/>\n<meta property=\"article:modified_time\" content=\"2025-12-17T12:03:22+00:00\" \/>\n<meta property=\"og:image\" content=\"http:\/\/m2enginova.com\/wp-content\/uploads\/2025\/09\/Phtoto-MMa-606x1024.jpg\" \/>\n<meta name=\"twitter:card\" content=\"summary_large_image\" \/>\n<meta name=\"twitter:label1\" content=\"Dur\u00e9e de lecture estim\u00e9e\" \/>\n\t<meta name=\"twitter:data1\" content=\"2 minutes\" \/>\n<script type=\"application\/ld+json\" class=\"yoast-schema-graph\">{\"@context\":\"https:\\\/\\\/schema.org\",\"@graph\":[{\"@type\":\"WebPage\",\"@id\":\"https:\\\/\\\/m2enginova.com\\\/about-us\\\/\",\"url\":\"https:\\\/\\\/m2enginova.com\\\/about-us\\\/\",\"name\":\"About us - EngiNova\",\"isPartOf\":{\"@id\":\"https:\\\/\\\/m2enginova.com\\\/#website\"},\"primaryImageOfPage\":{\"@id\":\"https:\\\/\\\/m2enginova.com\\\/about-us\\\/#primaryimage\"},\"image\":{\"@id\":\"https:\\\/\\\/m2enginova.com\\\/about-us\\\/#primaryimage\"},\"thumbnailUrl\":\"http:\\\/\\\/m2enginova.com\\\/wp-content\\\/uploads\\\/2025\\\/09\\\/Phtoto-MMa-606x1024.jpg\",\"datePublished\":\"2025-09-15T14:53:32+00:00\",\"dateModified\":\"2025-12-17T12:03:22+00:00\",\"breadcrumb\":{\"@id\":\"https:\\\/\\\/m2enginova.com\\\/about-us\\\/#breadcrumb\"},\"inLanguage\":\"fr-FR\",\"potentialAction\":[{\"@type\":\"ReadAction\",\"target\":[\"https:\\\/\\\/m2enginova.com\\\/about-us\\\/\"]}]},{\"@type\":\"ImageObject\",\"inLanguage\":\"fr-FR\",\"@id\":\"https:\\\/\\\/m2enginova.com\\\/about-us\\\/#primaryimage\",\"url\":\"http:\\\/\\\/m2enginova.com\\\/wp-content\\\/uploads\\\/2025\\\/09\\\/Phtoto-MMa-606x1024.jpg\",\"contentUrl\":\"http:\\\/\\\/m2enginova.com\\\/wp-content\\\/uploads\\\/2025\\\/09\\\/Phtoto-MMa-606x1024.jpg\"},{\"@type\":\"BreadcrumbList\",\"@id\":\"https:\\\/\\\/m2enginova.com\\\/about-us\\\/#breadcrumb\",\"itemListElement\":[{\"@type\":\"ListItem\",\"position\":1,\"name\":\"Home\",\"item\":\"https:\\\/\\\/m2enginova.com\\\/\"},{\"@type\":\"ListItem\",\"position\":2,\"name\":\"About us\"}]},{\"@type\":\"WebSite\",\"@id\":\"https:\\\/\\\/m2enginova.com\\\/#website\",\"url\":\"https:\\\/\\\/m2enginova.com\\\/\",\"name\":\"M2EngiNova\",\"description\":\"EngiNova\",\"publisher\":{\"@id\":\"https:\\\/\\\/m2enginova.com\\\/#organization\"},\"potentialAction\":[{\"@type\":\"SearchAction\",\"target\":{\"@type\":\"EntryPoint\",\"urlTemplate\":\"https:\\\/\\\/m2enginova.com\\\/?s={search_term_string}\"},\"query-input\":{\"@type\":\"PropertyValueSpecification\",\"valueRequired\":true,\"valueName\":\"search_term_string\"}}],\"inLanguage\":\"fr-FR\"},{\"@type\":\"Organization\",\"@id\":\"https:\\\/\\\/m2enginova.com\\\/#organization\",\"name\":\"M2EngiNova\",\"url\":\"https:\\\/\\\/m2enginova.com\\\/\",\"logo\":{\"@type\":\"ImageObject\",\"inLanguage\":\"fr-FR\",\"@id\":\"https:\\\/\\\/m2enginova.com\\\/#\\\/schema\\\/logo\\\/image\\\/\",\"url\":\"https:\\\/\\\/m2enginova.com\\\/wp-content\\\/uploads\\\/2025\\\/09\\\/Yellow-scaled-e1758547971651.png\",\"contentUrl\":\"https:\\\/\\\/m2enginova.com\\\/wp-content\\\/uploads\\\/2025\\\/09\\\/Yellow-scaled-e1758547971651.png\",\"width\":1408,\"height\":1237,\"caption\":\"M2EngiNova\"},\"image\":{\"@id\":\"https:\\\/\\\/m2enginova.com\\\/#\\\/schema\\\/logo\\\/image\\\/\"}}]}<\/script>\n<!-- \/ Yoast SEO plugin. -->","yoast_head_json":{"title":"About us - EngiNova","robots":{"index":"index","follow":"follow","max-snippet":"max-snippet:-1","max-image-preview":"max-image-preview:large","max-video-preview":"max-video-preview:-1"},"canonical":"https:\/\/m2enginova.com\/fr\/about-us\/","og_locale":"fr_FR","og_type":"article","og_title":"About us - EngiNova","og_description":"About us Creation M2 EngiNova Consulting (M2ENC) was founded in 2026 by Mounzer Mahmoud. Civil Engineer then PhD from Ecole Nationale des Ponts et Chauss\u00e9es (Ecole des Pont ParisTech) in Paris. M2EC has extensive and rich multidisciplinary experience, acquired through long careers of its consultants in a wide variety of countries and in multiple fields. [&hellip;]","og_url":"https:\/\/m2enginova.com\/fr\/about-us\/","og_site_name":"EngiNova","article_modified_time":"2025-12-17T12:03:22+00:00","og_image":[{"url":"http:\/\/m2enginova.com\/wp-content\/uploads\/2025\/09\/Phtoto-MMa-606x1024.jpg","type":"","width":"","height":""}],"twitter_card":"summary_large_image","twitter_misc":{"Dur\u00e9e de lecture estim\u00e9e":"2 minutes"},"schema":{"@context":"https:\/\/schema.org","@graph":[{"@type":"WebPage","@id":"https:\/\/m2enginova.com\/about-us\/","url":"https:\/\/m2enginova.com\/about-us\/","name":"About us - EngiNova","isPartOf":{"@id":"https:\/\/m2enginova.com\/#website"},"primaryImageOfPage":{"@id":"https:\/\/m2enginova.com\/about-us\/#primaryimage"},"image":{"@id":"https:\/\/m2enginova.com\/about-us\/#primaryimage"},"thumbnailUrl":"http:\/\/m2enginova.com\/wp-content\/uploads\/2025\/09\/Phtoto-MMa-606x1024.jpg","datePublished":"2025-09-15T14:53:32+00:00","dateModified":"2025-12-17T12:03:22+00:00","breadcrumb":{"@id":"https:\/\/m2enginova.com\/about-us\/#breadcrumb"},"inLanguage":"fr-FR","potentialAction":[{"@type":"ReadAction","target":["https:\/\/m2enginova.com\/about-us\/"]}]},{"@type":"ImageObject","inLanguage":"fr-FR","@id":"https:\/\/m2enginova.com\/about-us\/#primaryimage","url":"http:\/\/m2enginova.com\/wp-content\/uploads\/2025\/09\/Phtoto-MMa-606x1024.jpg","contentUrl":"http:\/\/m2enginova.com\/wp-content\/uploads\/2025\/09\/Phtoto-MMa-606x1024.jpg"},{"@type":"BreadcrumbList","@id":"https:\/\/m2enginova.com\/about-us\/#breadcrumb","itemListElement":[{"@type":"ListItem","position":1,"name":"Home","item":"https:\/\/m2enginova.com\/"},{"@type":"ListItem","position":2,"name":"About us"}]},{"@type":"WebSite","@id":"https:\/\/m2enginova.com\/#website","url":"https:\/\/m2enginova.com\/","name":"M2EngiNova","description":"EngiNova","publisher":{"@id":"https:\/\/m2enginova.com\/#organization"},"potentialAction":[{"@type":"SearchAction","target":{"@type":"EntryPoint","urlTemplate":"https:\/\/m2enginova.com\/?s={search_term_string}"},"query-input":{"@type":"PropertyValueSpecification","valueRequired":true,"valueName":"search_term_string"}}],"inLanguage":"fr-FR"},{"@type":"Organization","@id":"https:\/\/m2enginova.com\/#organization","name":"M2EngiNova","url":"https:\/\/m2enginova.com\/","logo":{"@type":"ImageObject","inLanguage":"fr-FR","@id":"https:\/\/m2enginova.com\/#\/schema\/logo\/image\/","url":"https:\/\/m2enginova.com\/wp-content\/uploads\/2025\/09\/Yellow-scaled-e1758547971651.png","contentUrl":"https:\/\/m2enginova.com\/wp-content\/uploads\/2025\/09\/Yellow-scaled-e1758547971651.png","width":1408,"height":1237,"caption":"M2EngiNova"},"image":{"@id":"https:\/\/m2enginova.com\/#\/schema\/logo\/image\/"}}]}},"_links":{"self":[{"href":"https:\/\/m2enginova.com\/fr\/wp-json\/wp\/v2\/pages\/53","targetHints":{"allow":["GET"]}}],"collection":[{"href":"https:\/\/m2enginova.com\/fr\/wp-json\/wp\/v2\/pages"}],"about":[{"href":"https:\/\/m2enginova.com\/fr\/wp-json\/wp\/v2\/types\/page"}],"author":[{"embeddable":true,"href":"https:\/\/m2enginova.com\/fr\/wp-json\/wp\/v2\/users\/1"}],"replies":[{"embeddable":true,"href":"https:\/\/m2enginova.com\/fr\/wp-json\/wp\/v2\/comments?post=53"}],"version-history":[{"count":3,"href":"https:\/\/m2enginova.com\/fr\/wp-json\/wp\/v2\/pages\/53\/revisions"}],"predecessor-version":[{"id":1025,"href":"https:\/\/m2enginova.com\/fr\/wp-json\/wp\/v2\/pages\/53\/revisions\/1025"}],"wp:attachment":[{"href":"https:\/\/m2enginova.com\/fr\/wp-json\/wp\/v2\/media?parent=53"}],"curies":[{"name":"wp","href":"https:\/\/api.w.org\/{rel}","templated":true}]}}