{"id":110,"date":"2025-09-23T02:47:25","date_gmt":"2025-09-23T02:47:25","guid":{"rendered":"https:\/\/m2enginova.com\/?page_id=110"},"modified":"2025-11-05T13:28:31","modified_gmt":"2025-11-05T13:28:31","slug":"disciplines","status":"publish","type":"page","link":"https:\/\/m2enginova.com\/fr\/our-offer\/disciplines\/","title":{"rendered":"Disciplines"},"content":{"rendered":"<div data-elementor-type=\"wp-page\" data-elementor-id=\"110\" class=\"elementor elementor-110\" data-elementor-post-type=\"page\">\n\t\t\t\t<div class=\"elementor-element elementor-element-8193ee1 e-flex e-con-boxed e-con e-parent\" data-id=\"8193ee1\" data-element_type=\"container\" data-e-type=\"container\">\n\t\t\t\t\t<div class=\"e-con-inner\">\n\t\t\t\t<div class=\"elementor-element elementor-element-6f22455 pp-dual-heading-inline elementor-invisible elementor-widget elementor-widget-pp-dual-heading\" data-id=\"6f22455\" data-element_type=\"widget\" data-e-type=\"widget\" data-settings=\"{&quot;_animation&quot;:&quot;fadeInDown&quot;}\" data-widget_type=\"pp-dual-heading.default\">\n\t\t\t\t\t<h5 class=\"pp-dual-heading\"><span class=\"pp-first-text\">Disciplines<\/span><\/h5>\t\t\t\t<\/div>\n\t\t\t\t\t<\/div>\n\t\t\t\t<\/div>\n\t\t<div class=\"elementor-element elementor-element-d750638 e-flex e-con-boxed e-con e-parent\" data-id=\"d750638\" data-element_type=\"container\" data-e-type=\"container\" data-settings=\"{&quot;background_background&quot;:&quot;classic&quot;}\">\n\t\t\t\t\t<div class=\"e-con-inner\">\n\t\t<div class=\"elementor-element elementor-element-291551d e-con-full e-flex e-con e-child\" data-id=\"291551d\" data-element_type=\"container\" data-e-type=\"container\">\n\t\t\t\t<div class=\"elementor-element elementor-element-4a385bb elementor-grid-3 elementor-grid-tablet-2 elementor-grid-mobile-1 elementor-widget elementor-widget-loop-grid\" data-id=\"4a385bb\" data-element_type=\"widget\" data-e-type=\"widget\" data-settings=\"{&quot;template_id&quot;:368,&quot;columns&quot;:3,&quot;row_gap&quot;:{&quot;unit&quot;:&quot;px&quot;,&quot;size&quot;:10,&quot;sizes&quot;:[]},&quot;_skin&quot;:&quot;post&quot;,&quot;columns_tablet&quot;:&quot;2&quot;,&quot;columns_mobile&quot;:&quot;1&quot;,&quot;edit_handle_selector&quot;:&quot;[data-elementor-type=\\&quot;loop-item\\&quot;]&quot;,&quot;row_gap_tablet&quot;:{&quot;unit&quot;:&quot;px&quot;,&quot;size&quot;:&quot;&quot;,&quot;sizes&quot;:[]},&quot;row_gap_mobile&quot;:{&quot;unit&quot;:&quot;px&quot;,&quot;size&quot;:&quot;&quot;,&quot;sizes&quot;:[]}}\" data-widget_type=\"loop-grid.post\">\n\t\t\t\t<div class=\"elementor-widget-container\">\n\t\t\t\t\t\t\t<div class=\"elementor-loop-container elementor-grid\" role=\"list\">\n\t\t<style id=\"loop-368\">.elementor-368 .elementor-element.elementor-element-84f2e8c{--display:flex;--gap:010px 010px;--row-gap:010px;--column-gap:010px;--background-transition:0.3s;--overlay-opacity:0.05;border-style:solid;--border-style:solid;border-width:1px 1px 1px 1px;--border-top-width:1px;--border-right-width:1px;--border-bottom-width:1px;--border-left-width:1px;border-color:var( --e-global-color-c81d30b );--border-color:var( --e-global-color-c81d30b );--padding-top:32px;--padding-bottom:32px;--padding-left:0px;--padding-right:0px;}.elementor-368 .elementor-element.elementor-element-84f2e8c:not(.elementor-motion-effects-element-type-background), .elementor-368 .elementor-element.elementor-element-84f2e8c > .elementor-motion-effects-container > .elementor-motion-effects-layer{background-color:#F7F7F7;}.elementor-368 .elementor-element.elementor-element-84f2e8c:hover{background-color:#F7F7F7;box-shadow:0px 0px 10px 0px rgba(0, 0, 0, 0.12);}.elementor-368 .elementor-element.elementor-element-84f2e8c::before, .elementor-368 .elementor-element.elementor-element-84f2e8c > .elementor-background-video-container::before, .elementor-368 .elementor-element.elementor-element-84f2e8c > .e-con-inner > .elementor-background-video-container::before, .elementor-368 .elementor-element.elementor-element-84f2e8c > .elementor-background-slideshow::before, .elementor-368 .elementor-element.elementor-element-84f2e8c > .e-con-inner > .elementor-background-slideshow::before, .elementor-368 .elementor-element.elementor-element-84f2e8c > .elementor-motion-effects-container > .elementor-motion-effects-layer::before{--background-overlay:'';}.elementor-368 .elementor-element.elementor-element-0792344{--display:flex;--gap:0px 0px;--row-gap:0px;--column-gap:0px;--padding-top:0px;--padding-bottom:0px;--padding-left:0px;--padding-right:0px;}.elementor-368 .elementor-element.elementor-element-069fbde .elementor-heading-title{font-size:20px;font-weight:600;color:var( --e-global-color-4789b68 );}.elementor-368 .elementor-element.elementor-element-069fbde{padding:8px 16px 8px 16px;background-color:var( --e-global-color-accent );border-style:solid;border-width:1px 1px 1px 0px;border-color:var( --e-global-color-c81d30b );}.elementor-368 .elementor-element.elementor-element-069fbde.elementor-element{--align-self:flex-start;}.elementor-368 .elementor-element.elementor-element-8a7ed3a{font-size:13px;padding:0px 24px 0px 024px;}\/* Start custom CSS for theme-post-content, class: .elementor-element-8a7ed3a *\/.elementor-element.elementor-element-8a7ed3a.elementor-widget.elementor-widget-theme-post-content {\n    min-height:170px;\n}\/* End custom CSS *\/<\/style>\t\t<div data-elementor-type=\"loop-item\" data-elementor-id=\"368\" class=\"elementor elementor-368 e-loop-item e-loop-item-385 post-385 disciplines type-disciplines status-publish hentry\" data-elementor-post-type=\"elementor_library\" data-custom-edit-handle=\"1\">\n\t\t\t<div class=\"elementor-element elementor-element-84f2e8c e-flex e-con-boxed elementor-invisible e-con e-parent\" data-id=\"84f2e8c\" data-element_type=\"container\" data-e-type=\"container\" data-settings=\"{&quot;background_background&quot;:&quot;classic&quot;,&quot;animation&quot;:&quot;fadeIn&quot;}\">\n\t\t\t\t\t<div class=\"e-con-inner\">\n\t\t<div class=\"elementor-element elementor-element-0792344 e-con-full e-flex e-con e-child\" data-id=\"0792344\" data-element_type=\"container\" data-e-type=\"container\">\n\t\t\t\t<div class=\"elementor-element elementor-element-069fbde elementor-widget elementor-widget-heading\" data-id=\"069fbde\" data-element_type=\"widget\" data-e-type=\"widget\" data-widget_type=\"heading.default\">\n\t\t\t\t\t<h2 class=\"elementor-heading-title elementor-size-default\">G\u00e9nie civil<\/h2>\t\t\t\t<\/div>\n\t\t\t\t<\/div>\n\t\t\t\t<div class=\"elementor-element elementor-element-8a7ed3a elementor-widget elementor-widget-theme-post-content\" data-id=\"8a7ed3a\" data-element_type=\"widget\" data-e-type=\"widget\" data-widget_type=\"theme-post-content.default\">\n\t\t\t\t\t<ul>\n<li>Structures<\/li>\n<li>B\u00e9ton arm\u00e9 &amp; structures m\u00e9talliques<\/li>\n<li>B\u00e2timents et travaux ext\u00e9rieurs<\/li>\n<li>Travaux de terrassement<\/li>\n<li>Drainage<\/li>\n<\/ul>\n\t\t\t\t<\/div>\n\t\t\t\t\t<\/div>\n\t\t\t\t<\/div>\n\t\t\t\t<\/div>\n\t\t\t\t<div data-elementor-type=\"loop-item\" data-elementor-id=\"368\" class=\"elementor elementor-368 e-loop-item e-loop-item-386 post-386 disciplines type-disciplines status-publish hentry\" data-elementor-post-type=\"elementor_library\" data-custom-edit-handle=\"1\">\n\t\t\t<div class=\"elementor-element elementor-element-84f2e8c e-flex e-con-boxed elementor-invisible e-con e-parent\" data-id=\"84f2e8c\" data-element_type=\"container\" data-e-type=\"container\" data-settings=\"{&quot;background_background&quot;:&quot;classic&quot;,&quot;animation&quot;:&quot;fadeIn&quot;}\">\n\t\t\t\t\t<div class=\"e-con-inner\">\n\t\t<div class=\"elementor-element elementor-element-0792344 e-con-full e-flex e-con e-child\" data-id=\"0792344\" data-element_type=\"container\" data-e-type=\"container\">\n\t\t\t\t<div class=\"elementor-element elementor-element-069fbde elementor-widget elementor-widget-heading\" data-id=\"069fbde\" data-element_type=\"widget\" data-e-type=\"widget\" data-widget_type=\"heading.default\">\n\t\t\t\t\t<h2 class=\"elementor-heading-title elementor-size-default\">G\u00e9nie \u00e9lectrique<\/h2>\t\t\t\t<\/div>\n\t\t\t\t<\/div>\n\t\t\t\t<div class=\"elementor-element elementor-element-8a7ed3a elementor-widget elementor-widget-theme-post-content\" data-id=\"8a7ed3a\" data-element_type=\"widget\" data-e-type=\"widget\" data-widget_type=\"theme-post-content.default\">\n\t\t\t\t\t<ul>\n<li>Courant faible<\/li>\n<li>GTB \/ Vid\u00e9osurveillance \/ Contr\u00f4le d'acc\u00e8s<\/li>\n<li>Haute tension<\/li>\n<li>Moyenne tension<\/li>\n<li>Basse tension<\/li>\n<\/ul>\n\t\t\t\t<\/div>\n\t\t\t\t\t<\/div>\n\t\t\t\t<\/div>\n\t\t\t\t<\/div>\n\t\t\t\t<div data-elementor-type=\"loop-item\" data-elementor-id=\"368\" class=\"elementor elementor-368 e-loop-item e-loop-item-387 post-387 disciplines type-disciplines status-publish hentry\" data-elementor-post-type=\"elementor_library\" data-custom-edit-handle=\"1\">\n\t\t\t<div class=\"elementor-element elementor-element-84f2e8c e-flex e-con-boxed elementor-invisible e-con e-parent\" data-id=\"84f2e8c\" data-element_type=\"container\" data-e-type=\"container\" data-settings=\"{&quot;background_background&quot;:&quot;classic&quot;,&quot;animation&quot;:&quot;fadeIn&quot;}\">\n\t\t\t\t\t<div class=\"e-con-inner\">\n\t\t<div class=\"elementor-element elementor-element-0792344 e-con-full e-flex e-con e-child\" data-id=\"0792344\" data-element_type=\"container\" data-e-type=\"container\">\n\t\t\t\t<div class=\"elementor-element elementor-element-069fbde elementor-widget elementor-widget-heading\" data-id=\"069fbde\" data-element_type=\"widget\" data-e-type=\"widget\" data-widget_type=\"heading.default\">\n\t\t\t\t\t<h2 class=\"elementor-heading-title elementor-size-default\">G\u00e9nie m\u00e9canique<\/h2>\t\t\t\t<\/div>\n\t\t\t\t<\/div>\n\t\t\t\t<div class=\"elementor-element elementor-element-8a7ed3a elementor-widget elementor-widget-theme-post-content\" data-id=\"8a7ed3a\" data-element_type=\"widget\" data-e-type=\"widget\" data-widget_type=\"theme-post-content.default\">\n\t\t\t\t\t<ul>\n<li>CVC \/ Plomberie<\/li>\n<li>S\u00e9curit\u00e9 incendie<\/li>\n<\/ul>\n\t\t\t\t<\/div>\n\t\t\t\t\t<\/div>\n\t\t\t\t<\/div>\n\t\t\t\t<\/div>\n\t\t\t\t<\/div>\n\t\t\n\t\t\t\t\t\t<\/div>\n\t\t\t\t<\/div>\n\t\t\t\t<\/div>\n\t\t\t\t\t<\/div>\n\t\t\t\t<\/div>\n\t\t\t\t<\/div>","protected":false},"excerpt":{"rendered":"<p>Disciplines<\/p>","protected":false},"author":1,"featured_media":0,"parent":286,"menu_order":0,"comment_status":"closed","ping_status":"closed","template":"elementor_header_footer","meta":{"_acf_changed":false,"footnotes":""},"class_list":["post-110","page","type-page","status-publish","hentry"],"acf":[],"yoast_head":"<!-- This site is optimized with the Yoast SEO plugin v27.4 - https:\/\/yoast.com\/product\/yoast-seo-wordpress\/ -->\n<title>Disciplines - EngiNova<\/title>\n<meta name=\"robots\" content=\"index, follow, max-snippet:-1, max-image-preview:large, max-video-preview:-1\" \/>\n<link rel=\"canonical\" href=\"https:\/\/m2enginova.com\/fr\/our-offer\/disciplines\/\" \/>\n<meta property=\"og:locale\" content=\"fr_FR\" \/>\n<meta property=\"og:type\" content=\"article\" \/>\n<meta property=\"og:title\" content=\"Disciplines - EngiNova\" \/>\n<meta property=\"og:description\" content=\"Disciplines\" \/>\n<meta property=\"og:url\" content=\"https:\/\/m2enginova.com\/fr\/our-offer\/disciplines\/\" \/>\n<meta property=\"og:site_name\" content=\"EngiNova\" \/>\n<meta property=\"article:modified_time\" content=\"2025-11-05T13:28:31+00:00\" \/>\n<meta name=\"twitter:card\" content=\"summary_large_image\" \/>\n<meta name=\"twitter:label1\" content=\"Dur\u00e9e de lecture estim\u00e9e\" \/>\n\t<meta name=\"twitter:data1\" content=\"1 minute\" \/>\n<script type=\"application\/ld+json\" class=\"yoast-schema-graph\">{\"@context\":\"https:\\\/\\\/schema.org\",\"@graph\":[{\"@type\":\"WebPage\",\"@id\":\"https:\\\/\\\/m2enginova.com\\\/our-offer\\\/disciplines\\\/\",\"url\":\"https:\\\/\\\/m2enginova.com\\\/our-offer\\\/disciplines\\\/\",\"name\":\"Disciplines - EngiNova\",\"isPartOf\":{\"@id\":\"https:\\\/\\\/m2enginova.com\\\/#website\"},\"datePublished\":\"2025-09-23T02:47:25+00:00\",\"dateModified\":\"2025-11-05T13:28:31+00:00\",\"breadcrumb\":{\"@id\":\"https:\\\/\\\/m2enginova.com\\\/our-offer\\\/disciplines\\\/#breadcrumb\"},\"inLanguage\":\"fr-FR\",\"potentialAction\":[{\"@type\":\"ReadAction\",\"target\":[\"https:\\\/\\\/m2enginova.com\\\/our-offer\\\/disciplines\\\/\"]}]},{\"@type\":\"BreadcrumbList\",\"@id\":\"https:\\\/\\\/m2enginova.com\\\/our-offer\\\/disciplines\\\/#breadcrumb\",\"itemListElement\":[{\"@type\":\"ListItem\",\"position\":1,\"name\":\"Home\",\"item\":\"https:\\\/\\\/m2enginova.com\\\/\"},{\"@type\":\"ListItem\",\"position\":2,\"name\":\"Our offer\",\"item\":\"https:\\\/\\\/m2enginova.com\\\/our-offer\\\/\"},{\"@type\":\"ListItem\",\"position\":3,\"name\":\"Disciplines\"}]},{\"@type\":\"WebSite\",\"@id\":\"https:\\\/\\\/m2enginova.com\\\/#website\",\"url\":\"https:\\\/\\\/m2enginova.com\\\/\",\"name\":\"M2EngiNova\",\"description\":\"EngiNova\",\"publisher\":{\"@id\":\"https:\\\/\\\/m2enginova.com\\\/#organization\"},\"potentialAction\":[{\"@type\":\"SearchAction\",\"target\":{\"@type\":\"EntryPoint\",\"urlTemplate\":\"https:\\\/\\\/m2enginova.com\\\/?s={search_term_string}\"},\"query-input\":{\"@type\":\"PropertyValueSpecification\",\"valueRequired\":true,\"valueName\":\"search_term_string\"}}],\"inLanguage\":\"fr-FR\"},{\"@type\":\"Organization\",\"@id\":\"https:\\\/\\\/m2enginova.com\\\/#organization\",\"name\":\"M2EngiNova\",\"url\":\"https:\\\/\\\/m2enginova.com\\\/\",\"logo\":{\"@type\":\"ImageObject\",\"inLanguage\":\"fr-FR\",\"@id\":\"https:\\\/\\\/m2enginova.com\\\/#\\\/schema\\\/logo\\\/image\\\/\",\"url\":\"https:\\\/\\\/m2enginova.com\\\/wp-content\\\/uploads\\\/2025\\\/09\\\/Yellow-scaled-e1758547971651.png\",\"contentUrl\":\"https:\\\/\\\/m2enginova.com\\\/wp-content\\\/uploads\\\/2025\\\/09\\\/Yellow-scaled-e1758547971651.png\",\"width\":1408,\"height\":1237,\"caption\":\"M2EngiNova\"},\"image\":{\"@id\":\"https:\\\/\\\/m2enginova.com\\\/#\\\/schema\\\/logo\\\/image\\\/\"}}]}<\/script>\n<!-- \/ Yoast SEO plugin. -->","yoast_head_json":{"title":"Disciplines - EngiNova","robots":{"index":"index","follow":"follow","max-snippet":"max-snippet:-1","max-image-preview":"max-image-preview:large","max-video-preview":"max-video-preview:-1"},"canonical":"https:\/\/m2enginova.com\/fr\/our-offer\/disciplines\/","og_locale":"fr_FR","og_type":"article","og_title":"Disciplines - EngiNova","og_description":"Disciplines","og_url":"https:\/\/m2enginova.com\/fr\/our-offer\/disciplines\/","og_site_name":"EngiNova","article_modified_time":"2025-11-05T13:28:31+00:00","twitter_card":"summary_large_image","twitter_misc":{"Dur\u00e9e de lecture estim\u00e9e":"1 minute"},"schema":{"@context":"https:\/\/schema.org","@graph":[{"@type":"WebPage","@id":"https:\/\/m2enginova.com\/our-offer\/disciplines\/","url":"https:\/\/m2enginova.com\/our-offer\/disciplines\/","name":"Disciplines - EngiNova","isPartOf":{"@id":"https:\/\/m2enginova.com\/#website"},"datePublished":"2025-09-23T02:47:25+00:00","dateModified":"2025-11-05T13:28:31+00:00","breadcrumb":{"@id":"https:\/\/m2enginova.com\/our-offer\/disciplines\/#breadcrumb"},"inLanguage":"fr-FR","potentialAction":[{"@type":"ReadAction","target":["https:\/\/m2enginova.com\/our-offer\/disciplines\/"]}]},{"@type":"BreadcrumbList","@id":"https:\/\/m2enginova.com\/our-offer\/disciplines\/#breadcrumb","itemListElement":[{"@type":"ListItem","position":1,"name":"Home","item":"https:\/\/m2enginova.com\/"},{"@type":"ListItem","position":2,"name":"Our offer","item":"https:\/\/m2enginova.com\/our-offer\/"},{"@type":"ListItem","position":3,"name":"Disciplines"}]},{"@type":"WebSite","@id":"https:\/\/m2enginova.com\/#website","url":"https:\/\/m2enginova.com\/","name":"M2EngiNova","description":"EngiNova","publisher":{"@id":"https:\/\/m2enginova.com\/#organization"},"potentialAction":[{"@type":"SearchAction","target":{"@type":"EntryPoint","urlTemplate":"https:\/\/m2enginova.com\/?s={search_term_string}"},"query-input":{"@type":"PropertyValueSpecification","valueRequired":true,"valueName":"search_term_string"}}],"inLanguage":"fr-FR"},{"@type":"Organization","@id":"https:\/\/m2enginova.com\/#organization","name":"M2EngiNova","url":"https:\/\/m2enginova.com\/","logo":{"@type":"ImageObject","inLanguage":"fr-FR","@id":"https:\/\/m2enginova.com\/#\/schema\/logo\/image\/","url":"https:\/\/m2enginova.com\/wp-content\/uploads\/2025\/09\/Yellow-scaled-e1758547971651.png","contentUrl":"https:\/\/m2enginova.com\/wp-content\/uploads\/2025\/09\/Yellow-scaled-e1758547971651.png","width":1408,"height":1237,"caption":"M2EngiNova"},"image":{"@id":"https:\/\/m2enginova.com\/#\/schema\/logo\/image\/"}}]}},"_links":{"self":[{"href":"https:\/\/m2enginova.com\/fr\/wp-json\/wp\/v2\/pages\/110","targetHints":{"allow":["GET"]}}],"collection":[{"href":"https:\/\/m2enginova.com\/fr\/wp-json\/wp\/v2\/pages"}],"about":[{"href":"https:\/\/m2enginova.com\/fr\/wp-json\/wp\/v2\/types\/page"}],"author":[{"embeddable":true,"href":"https:\/\/m2enginova.com\/fr\/wp-json\/wp\/v2\/users\/1"}],"replies":[{"embeddable":true,"href":"https:\/\/m2enginova.com\/fr\/wp-json\/wp\/v2\/comments?post=110"}],"version-history":[{"count":0,"href":"https:\/\/m2enginova.com\/fr\/wp-json\/wp\/v2\/pages\/110\/revisions"}],"up":[{"embeddable":true,"href":"https:\/\/m2enginova.com\/fr\/wp-json\/wp\/v2\/pages\/286"}],"wp:attachment":[{"href":"https:\/\/m2enginova.com\/fr\/wp-json\/wp\/v2\/media?parent=110"}],"curies":[{"name":"wp","href":"https:\/\/api.w.org\/{rel}","templated":true}]}}