{"id":108,"date":"2025-09-23T02:47:11","date_gmt":"2025-09-23T02:47:11","guid":{"rendered":"https:\/\/m2enginova.com\/?page_id=108"},"modified":"2025-11-05T13:28:34","modified_gmt":"2025-11-05T13:28:34","slug":"services","status":"publish","type":"page","link":"https:\/\/m2enginova.com\/fr\/our-offer\/services\/","title":{"rendered":"Services"},"content":{"rendered":"<div data-elementor-type=\"wp-page\" data-elementor-id=\"108\" class=\"elementor elementor-108\" data-elementor-post-type=\"page\">\n\t\t\t\t<div class=\"elementor-element elementor-element-cb03235 e-flex e-con-boxed e-con e-parent\" data-id=\"cb03235\" data-element_type=\"container\" data-e-type=\"container\">\n\t\t\t\t\t<div class=\"e-con-inner\">\n\t\t\t\t<div class=\"elementor-element elementor-element-e500f61 pp-dual-heading-inline elementor-invisible elementor-widget elementor-widget-pp-dual-heading\" data-id=\"e500f61\" data-element_type=\"widget\" data-e-type=\"widget\" data-settings=\"{&quot;_animation&quot;:&quot;fadeInDown&quot;}\" data-widget_type=\"pp-dual-heading.default\">\n\t\t\t\t\t<h5 class=\"pp-dual-heading\"><span class=\"pp-first-text\">Services<\/span><\/h5>\t\t\t\t<\/div>\n\t\t\t\t\t<\/div>\n\t\t\t\t<\/div>\n\t\t<div class=\"elementor-element elementor-element-e2e558b e-flex e-con-boxed e-con e-parent\" data-id=\"e2e558b\" data-element_type=\"container\" data-e-type=\"container\" data-settings=\"{&quot;background_background&quot;:&quot;classic&quot;}\">\n\t\t\t\t\t<div class=\"e-con-inner\">\n\t\t<div class=\"elementor-element elementor-element-7c28cb5 e-con-full e-flex e-con e-child\" data-id=\"7c28cb5\" data-element_type=\"container\" data-e-type=\"container\">\n\t\t\t\t<div class=\"elementor-element elementor-element-3edfd84 elementor-grid-3 elementor-grid-tablet-2 elementor-grid-mobile-1 elementor-widget elementor-widget-loop-grid\" data-id=\"3edfd84\" data-element_type=\"widget\" data-e-type=\"widget\" data-settings=\"{&quot;template_id&quot;:368,&quot;columns&quot;:3,&quot;row_gap&quot;:{&quot;unit&quot;:&quot;px&quot;,&quot;size&quot;:10,&quot;sizes&quot;:[]},&quot;_skin&quot;:&quot;post&quot;,&quot;columns_tablet&quot;:&quot;2&quot;,&quot;columns_mobile&quot;:&quot;1&quot;,&quot;edit_handle_selector&quot;:&quot;[data-elementor-type=\\&quot;loop-item\\&quot;]&quot;,&quot;row_gap_tablet&quot;:{&quot;unit&quot;:&quot;px&quot;,&quot;size&quot;:&quot;&quot;,&quot;sizes&quot;:[]},&quot;row_gap_mobile&quot;:{&quot;unit&quot;:&quot;px&quot;,&quot;size&quot;:&quot;&quot;,&quot;sizes&quot;:[]}}\" data-widget_type=\"loop-grid.post\">\n\t\t\t\t<div class=\"elementor-widget-container\">\n\t\t\t\t\t\t\t<div class=\"elementor-loop-container elementor-grid\" role=\"list\">\n\t\t<style id=\"loop-368\">.elementor-368 .elementor-element.elementor-element-84f2e8c{--display:flex;--gap:010px 010px;--row-gap:010px;--column-gap:010px;--background-transition:0.3s;--overlay-opacity:0.05;border-style:solid;--border-style:solid;border-width:1px 1px 1px 1px;--border-top-width:1px;--border-right-width:1px;--border-bottom-width:1px;--border-left-width:1px;border-color:var( --e-global-color-c81d30b );--border-color:var( --e-global-color-c81d30b );--padding-top:32px;--padding-bottom:32px;--padding-left:0px;--padding-right:0px;}.elementor-368 .elementor-element.elementor-element-84f2e8c:not(.elementor-motion-effects-element-type-background), .elementor-368 .elementor-element.elementor-element-84f2e8c > .elementor-motion-effects-container > .elementor-motion-effects-layer{background-color:#F7F7F7;}.elementor-368 .elementor-element.elementor-element-84f2e8c:hover{background-color:#F7F7F7;box-shadow:0px 0px 10px 0px rgba(0, 0, 0, 0.12);}.elementor-368 .elementor-element.elementor-element-84f2e8c::before, .elementor-368 .elementor-element.elementor-element-84f2e8c > .elementor-background-video-container::before, .elementor-368 .elementor-element.elementor-element-84f2e8c > .e-con-inner > .elementor-background-video-container::before, .elementor-368 .elementor-element.elementor-element-84f2e8c > .elementor-background-slideshow::before, .elementor-368 .elementor-element.elementor-element-84f2e8c > .e-con-inner > .elementor-background-slideshow::before, .elementor-368 .elementor-element.elementor-element-84f2e8c > .elementor-motion-effects-container > .elementor-motion-effects-layer::before{--background-overlay:'';}.elementor-368 .elementor-element.elementor-element-0792344{--display:flex;--gap:0px 0px;--row-gap:0px;--column-gap:0px;--padding-top:0px;--padding-bottom:0px;--padding-left:0px;--padding-right:0px;}.elementor-368 .elementor-element.elementor-element-069fbde .elementor-heading-title{font-size:20px;font-weight:600;color:var( --e-global-color-4789b68 );}.elementor-368 .elementor-element.elementor-element-069fbde{padding:8px 16px 8px 16px;background-color:var( --e-global-color-accent );border-style:solid;border-width:1px 1px 1px 0px;border-color:var( --e-global-color-c81d30b );}.elementor-368 .elementor-element.elementor-element-069fbde.elementor-element{--align-self:flex-start;}.elementor-368 .elementor-element.elementor-element-8a7ed3a{font-size:13px;padding:0px 24px 0px 024px;}\/* Start custom CSS for theme-post-content, class: .elementor-element-8a7ed3a *\/.elementor-element.elementor-element-8a7ed3a.elementor-widget.elementor-widget-theme-post-content {\n    min-height:170px;\n}\/* End custom CSS *\/<\/style>\t\t<div data-elementor-type=\"loop-item\" data-elementor-id=\"368\" class=\"elementor elementor-368 e-loop-item e-loop-item-359 post-359 services type-services status-publish hentry\" data-elementor-post-type=\"elementor_library\" data-custom-edit-handle=\"1\">\n\t\t\t<div class=\"elementor-element elementor-element-84f2e8c e-flex e-con-boxed elementor-invisible e-con e-parent\" data-id=\"84f2e8c\" data-element_type=\"container\" data-e-type=\"container\" data-settings=\"{&quot;background_background&quot;:&quot;classic&quot;,&quot;animation&quot;:&quot;fadeIn&quot;}\">\n\t\t\t\t\t<div class=\"e-con-inner\">\n\t\t<div class=\"elementor-element elementor-element-0792344 e-con-full e-flex e-con e-child\" data-id=\"0792344\" data-element_type=\"container\" data-e-type=\"container\">\n\t\t\t\t<div class=\"elementor-element elementor-element-069fbde elementor-widget elementor-widget-heading\" data-id=\"069fbde\" data-element_type=\"widget\" data-e-type=\"widget\" data-widget_type=\"heading.default\">\n\t\t\t\t\t<h2 class=\"elementor-heading-title elementor-size-default\">Ing\u00e9nierie<\/h2>\t\t\t\t<\/div>\n\t\t\t\t<\/div>\n\t\t\t\t<div class=\"elementor-element elementor-element-8a7ed3a elementor-widget elementor-widget-theme-post-content\" data-id=\"8a7ed3a\" data-element_type=\"widget\" data-e-type=\"widget\" data-widget_type=\"theme-post-content.default\">\n\t\t\t\t\t<ul>\n<li>V\u00e9rification d'\u00e9tudes de g\u00e9nie civil<\/li>\n<li>Optimisation de la conception g\u00e9nie civil<\/li>\n<li>Gestion de l'ing\u00e9nierie<\/li>\n<li>M\u00e9thodologie de l'ing\u00e9nierie<\/li>\n<li>Estimation des m\u00e9tr\u00e9s et bordereau des prix<\/li>\n<li>Pr\u00e9paration du blueprint<\/li>\n<\/ul>\n\t\t\t\t<\/div>\n\t\t\t\t\t<\/div>\n\t\t\t\t<\/div>\n\t\t\t\t<\/div>\n\t\t\t\t<div data-elementor-type=\"loop-item\" data-elementor-id=\"368\" class=\"elementor elementor-368 e-loop-item e-loop-item-361 post-361 services type-services status-publish hentry\" data-elementor-post-type=\"elementor_library\" data-custom-edit-handle=\"1\">\n\t\t\t<div class=\"elementor-element elementor-element-84f2e8c e-flex e-con-boxed elementor-invisible e-con e-parent\" data-id=\"84f2e8c\" data-element_type=\"container\" data-e-type=\"container\" data-settings=\"{&quot;background_background&quot;:&quot;classic&quot;,&quot;animation&quot;:&quot;fadeIn&quot;}\">\n\t\t\t\t\t<div class=\"e-con-inner\">\n\t\t<div class=\"elementor-element elementor-element-0792344 e-con-full e-flex e-con e-child\" data-id=\"0792344\" data-element_type=\"container\" data-e-type=\"container\">\n\t\t\t\t<div class=\"elementor-element elementor-element-069fbde elementor-widget elementor-widget-heading\" data-id=\"069fbde\" data-element_type=\"widget\" data-e-type=\"widget\" data-widget_type=\"heading.default\">\n\t\t\t\t\t<h2 class=\"elementor-heading-title elementor-size-default\">Construction<\/h2>\t\t\t\t<\/div>\n\t\t\t\t<\/div>\n\t\t\t\t<div class=\"elementor-element elementor-element-8a7ed3a elementor-widget elementor-widget-theme-post-content\" data-id=\"8a7ed3a\" data-element_type=\"widget\" data-e-type=\"widget\" data-widget_type=\"theme-post-content.default\">\n\t\t\t\t\t<ul>\n<li>Travaux de g\u00e9nie civil<\/li>\n<li>Montage d'\u00e9quipements HT<\/li>\n<li>Chiffrage<\/li>\n<li>Estimation de co\u00fbts<\/li>\n<li>Gestion des activit\u00e9s au d\u00e9marrage de projet<\/li>\n<li>Proc\u00e9dures d'ex\u00e9cution<\/li>\n<li>M\u00e9thodes de construction<\/li>\n<\/ul>\n\t\t\t\t<\/div>\n\t\t\t\t\t<\/div>\n\t\t\t\t<\/div>\n\t\t\t\t<\/div>\n\t\t\t\t<div data-elementor-type=\"loop-item\" data-elementor-id=\"368\" class=\"elementor elementor-368 e-loop-item e-loop-item-362 post-362 services type-services status-publish hentry\" data-elementor-post-type=\"elementor_library\" data-custom-edit-handle=\"1\">\n\t\t\t<div class=\"elementor-element elementor-element-84f2e8c e-flex e-con-boxed elementor-invisible e-con e-parent\" data-id=\"84f2e8c\" data-element_type=\"container\" data-e-type=\"container\" data-settings=\"{&quot;background_background&quot;:&quot;classic&quot;,&quot;animation&quot;:&quot;fadeIn&quot;}\">\n\t\t\t\t\t<div class=\"e-con-inner\">\n\t\t<div class=\"elementor-element elementor-element-0792344 e-con-full e-flex e-con e-child\" data-id=\"0792344\" data-element_type=\"container\" data-e-type=\"container\">\n\t\t\t\t<div class=\"elementor-element elementor-element-069fbde elementor-widget elementor-widget-heading\" data-id=\"069fbde\" data-element_type=\"widget\" data-e-type=\"widget\" data-widget_type=\"heading.default\">\n\t\t\t\t\t<h2 class=\"elementor-heading-title elementor-size-default\">Gestion de projet<\/h2>\t\t\t\t<\/div>\n\t\t\t\t<\/div>\n\t\t\t\t<div class=\"elementor-element elementor-element-8a7ed3a elementor-widget elementor-widget-theme-post-content\" data-id=\"8a7ed3a\" data-element_type=\"widget\" data-e-type=\"widget\" data-widget_type=\"theme-post-content.default\">\n\t\t\t\t\t<ul>\n<li>Mesure d'avancement<\/li>\n<li>Analyse des causes racines<\/li>\n<li>Plan de ratrappage<\/li>\n<\/ul>\n\t\t\t\t<\/div>\n\t\t\t\t\t<\/div>\n\t\t\t\t<\/div>\n\t\t\t\t<\/div>\n\t\t\t\t<div data-elementor-type=\"loop-item\" data-elementor-id=\"368\" class=\"elementor elementor-368 e-loop-item e-loop-item-363 post-363 services type-services status-publish hentry\" data-elementor-post-type=\"elementor_library\" data-custom-edit-handle=\"1\">\n\t\t\t<div class=\"elementor-element elementor-element-84f2e8c e-flex e-con-boxed elementor-invisible e-con e-parent\" data-id=\"84f2e8c\" data-element_type=\"container\" data-e-type=\"container\" data-settings=\"{&quot;background_background&quot;:&quot;classic&quot;,&quot;animation&quot;:&quot;fadeIn&quot;}\">\n\t\t\t\t\t<div class=\"e-con-inner\">\n\t\t<div class=\"elementor-element elementor-element-0792344 e-con-full e-flex e-con e-child\" data-id=\"0792344\" data-element_type=\"container\" data-e-type=\"container\">\n\t\t\t\t<div class=\"elementor-element elementor-element-069fbde elementor-widget elementor-widget-heading\" data-id=\"069fbde\" data-element_type=\"widget\" data-e-type=\"widget\" data-widget_type=\"heading.default\">\n\t\t\t\t\t<h2 class=\"elementor-heading-title elementor-size-default\">Sourcing<\/h2>\t\t\t\t<\/div>\n\t\t\t\t<\/div>\n\t\t\t\t<div class=\"elementor-element elementor-element-8a7ed3a elementor-widget elementor-widget-theme-post-content\" data-id=\"8a7ed3a\" data-element_type=\"widget\" data-e-type=\"widget\" data-widget_type=\"theme-post-content.default\">\n\t\t\t\t\t<ul>\n<li>Qualification des entreprises<\/li>\n<li>Consultation d'entreprises<\/li>\n<li>Pr\u00e9paration de contrat de sous-traitance<\/li>\n<li>Mesure de la performance de l'entreprise<\/li>\n<\/ul>\n\t\t\t\t<\/div>\n\t\t\t\t\t<\/div>\n\t\t\t\t<\/div>\n\t\t\t\t<\/div>\n\t\t\t\t<div data-elementor-type=\"loop-item\" data-elementor-id=\"368\" class=\"elementor elementor-368 e-loop-item e-loop-item-364 post-364 services type-services status-publish hentry\" data-elementor-post-type=\"elementor_library\" data-custom-edit-handle=\"1\">\n\t\t\t<div class=\"elementor-element elementor-element-84f2e8c e-flex e-con-boxed elementor-invisible e-con e-parent\" data-id=\"84f2e8c\" data-element_type=\"container\" data-e-type=\"container\" data-settings=\"{&quot;background_background&quot;:&quot;classic&quot;,&quot;animation&quot;:&quot;fadeIn&quot;}\">\n\t\t\t\t\t<div class=\"e-con-inner\">\n\t\t<div class=\"elementor-element elementor-element-0792344 e-con-full e-flex e-con e-child\" data-id=\"0792344\" data-element_type=\"container\" data-e-type=\"container\">\n\t\t\t\t<div class=\"elementor-element elementor-element-069fbde elementor-widget elementor-widget-heading\" data-id=\"069fbde\" data-element_type=\"widget\" data-e-type=\"widget\" data-widget_type=\"heading.default\">\n\t\t\t\t\t<h2 class=\"elementor-heading-title elementor-size-default\">Contract Management<\/h2>\t\t\t\t<\/div>\n\t\t\t\t<\/div>\n\t\t\t\t<div class=\"elementor-element elementor-element-8a7ed3a elementor-widget elementor-widget-theme-post-content\" data-id=\"8a7ed3a\" data-element_type=\"widget\" data-e-type=\"widget\" data-widget_type=\"theme-post-content.default\">\n\t\t\t\t\t<ul>\n<li>Pr\u00e9paration de contrat<\/li>\n<li>Administration des contrats<\/li>\n<li>Gestion des modifications et d'avenants<\/li>\n<li>Gestion des r\u00e9clamations<\/li>\n<li>M\u00e9thodologie de contract management<\/li>\n<\/ul>\n\t\t\t\t<\/div>\n\t\t\t\t\t<\/div>\n\t\t\t\t<\/div>\n\t\t\t\t<\/div>\n\t\t\t\t<div data-elementor-type=\"loop-item\" data-elementor-id=\"368\" class=\"elementor elementor-368 e-loop-item e-loop-item-365 post-365 services type-services status-publish hentry\" data-elementor-post-type=\"elementor_library\" data-custom-edit-handle=\"1\">\n\t\t\t<div class=\"elementor-element elementor-element-84f2e8c e-flex e-con-boxed elementor-invisible e-con e-parent\" data-id=\"84f2e8c\" data-element_type=\"container\" data-e-type=\"container\" data-settings=\"{&quot;background_background&quot;:&quot;classic&quot;,&quot;animation&quot;:&quot;fadeIn&quot;}\">\n\t\t\t\t\t<div class=\"e-con-inner\">\n\t\t<div class=\"elementor-element elementor-element-0792344 e-con-full e-flex e-con e-child\" data-id=\"0792344\" data-element_type=\"container\" data-e-type=\"container\">\n\t\t\t\t<div class=\"elementor-element elementor-element-069fbde elementor-widget elementor-widget-heading\" data-id=\"069fbde\" data-element_type=\"widget\" data-e-type=\"widget\" data-widget_type=\"heading.default\">\n\t\t\t\t\t<h2 class=\"elementor-heading-title elementor-size-default\">Proc\u00e9dures<\/h2>\t\t\t\t<\/div>\n\t\t\t\t<\/div>\n\t\t\t\t<div class=\"elementor-element elementor-element-8a7ed3a elementor-widget elementor-widget-theme-post-content\" data-id=\"8a7ed3a\" data-element_type=\"widget\" data-e-type=\"widget\" data-widget_type=\"theme-post-content.default\">\n\t\t\t\t\t<ul>\n<li>R\u00e9diger de nouvelles proc\u00e9dures<\/li>\n<li>Mise \u00e0 jour et alignement de proc\u00e9dures existantes<\/li>\n<li>Digitalisation de proc\u00e9dures<\/li>\n<li>Suivi et contr\u00f4le de proc\u00e9dures<\/li>\n<\/ul>\n\t\t\t\t<\/div>\n\t\t\t\t\t<\/div>\n\t\t\t\t<\/div>\n\t\t\t\t<\/div>\n\t\t\t\t<\/div>\n\t\t\n\t\t\t\t\t\t<\/div>\n\t\t\t\t<\/div>\n\t\t\t\t<\/div>\n\t\t\t\t\t<\/div>\n\t\t\t\t<\/div>\n\t\t\t\t<\/div>","protected":false},"excerpt":{"rendered":"<p>Services<\/p>","protected":false},"author":1,"featured_media":0,"parent":286,"menu_order":0,"comment_status":"closed","ping_status":"closed","template":"elementor_header_footer","meta":{"_acf_changed":false,"footnotes":""},"class_list":["post-108","page","type-page","status-publish","hentry"],"acf":[],"yoast_head":"<!-- This site is optimized with the Yoast SEO plugin v27.4 - https:\/\/yoast.com\/product\/yoast-seo-wordpress\/ -->\n<title>Services - EngiNova<\/title>\n<meta name=\"robots\" content=\"index, follow, max-snippet:-1, max-image-preview:large, max-video-preview:-1\" \/>\n<link rel=\"canonical\" href=\"https:\/\/m2enginova.com\/fr\/our-offer\/services\/\" \/>\n<meta property=\"og:locale\" content=\"fr_FR\" \/>\n<meta property=\"og:type\" content=\"article\" \/>\n<meta property=\"og:title\" content=\"Services - EngiNova\" \/>\n<meta property=\"og:description\" content=\"Services\" \/>\n<meta property=\"og:url\" content=\"https:\/\/m2enginova.com\/fr\/our-offer\/services\/\" \/>\n<meta property=\"og:site_name\" content=\"EngiNova\" \/>\n<meta property=\"article:modified_time\" content=\"2025-11-05T13:28:34+00:00\" \/>\n<meta name=\"twitter:card\" content=\"summary_large_image\" \/>\n<meta name=\"twitter:label1\" content=\"Dur\u00e9e de lecture estim\u00e9e\" \/>\n\t<meta name=\"twitter:data1\" content=\"1 minute\" \/>\n<script type=\"application\/ld+json\" class=\"yoast-schema-graph\">{\"@context\":\"https:\\\/\\\/schema.org\",\"@graph\":[{\"@type\":\"WebPage\",\"@id\":\"https:\\\/\\\/m2enginova.com\\\/our-offer\\\/services\\\/\",\"url\":\"https:\\\/\\\/m2enginova.com\\\/our-offer\\\/services\\\/\",\"name\":\"Services - EngiNova\",\"isPartOf\":{\"@id\":\"https:\\\/\\\/m2enginova.com\\\/#website\"},\"datePublished\":\"2025-09-23T02:47:11+00:00\",\"dateModified\":\"2025-11-05T13:28:34+00:00\",\"breadcrumb\":{\"@id\":\"https:\\\/\\\/m2enginova.com\\\/our-offer\\\/services\\\/#breadcrumb\"},\"inLanguage\":\"fr-FR\",\"potentialAction\":[{\"@type\":\"ReadAction\",\"target\":[\"https:\\\/\\\/m2enginova.com\\\/our-offer\\\/services\\\/\"]}]},{\"@type\":\"BreadcrumbList\",\"@id\":\"https:\\\/\\\/m2enginova.com\\\/our-offer\\\/services\\\/#breadcrumb\",\"itemListElement\":[{\"@type\":\"ListItem\",\"position\":1,\"name\":\"Home\",\"item\":\"https:\\\/\\\/m2enginova.com\\\/\"},{\"@type\":\"ListItem\",\"position\":2,\"name\":\"Our offer\",\"item\":\"https:\\\/\\\/m2enginova.com\\\/our-offer\\\/\"},{\"@type\":\"ListItem\",\"position\":3,\"name\":\"Services\"}]},{\"@type\":\"WebSite\",\"@id\":\"https:\\\/\\\/m2enginova.com\\\/#website\",\"url\":\"https:\\\/\\\/m2enginova.com\\\/\",\"name\":\"M2EngiNova\",\"description\":\"EngiNova\",\"publisher\":{\"@id\":\"https:\\\/\\\/m2enginova.com\\\/#organization\"},\"potentialAction\":[{\"@type\":\"SearchAction\",\"target\":{\"@type\":\"EntryPoint\",\"urlTemplate\":\"https:\\\/\\\/m2enginova.com\\\/?s={search_term_string}\"},\"query-input\":{\"@type\":\"PropertyValueSpecification\",\"valueRequired\":true,\"valueName\":\"search_term_string\"}}],\"inLanguage\":\"fr-FR\"},{\"@type\":\"Organization\",\"@id\":\"https:\\\/\\\/m2enginova.com\\\/#organization\",\"name\":\"M2EngiNova\",\"url\":\"https:\\\/\\\/m2enginova.com\\\/\",\"logo\":{\"@type\":\"ImageObject\",\"inLanguage\":\"fr-FR\",\"@id\":\"https:\\\/\\\/m2enginova.com\\\/#\\\/schema\\\/logo\\\/image\\\/\",\"url\":\"https:\\\/\\\/m2enginova.com\\\/wp-content\\\/uploads\\\/2025\\\/09\\\/Yellow-scaled-e1758547971651.png\",\"contentUrl\":\"https:\\\/\\\/m2enginova.com\\\/wp-content\\\/uploads\\\/2025\\\/09\\\/Yellow-scaled-e1758547971651.png\",\"width\":1408,\"height\":1237,\"caption\":\"M2EngiNova\"},\"image\":{\"@id\":\"https:\\\/\\\/m2enginova.com\\\/#\\\/schema\\\/logo\\\/image\\\/\"}}]}<\/script>\n<!-- \/ Yoast SEO plugin. -->","yoast_head_json":{"title":"Services - EngiNova","robots":{"index":"index","follow":"follow","max-snippet":"max-snippet:-1","max-image-preview":"max-image-preview:large","max-video-preview":"max-video-preview:-1"},"canonical":"https:\/\/m2enginova.com\/fr\/our-offer\/services\/","og_locale":"fr_FR","og_type":"article","og_title":"Services - EngiNova","og_description":"Services","og_url":"https:\/\/m2enginova.com\/fr\/our-offer\/services\/","og_site_name":"EngiNova","article_modified_time":"2025-11-05T13:28:34+00:00","twitter_card":"summary_large_image","twitter_misc":{"Dur\u00e9e de lecture estim\u00e9e":"1 minute"},"schema":{"@context":"https:\/\/schema.org","@graph":[{"@type":"WebPage","@id":"https:\/\/m2enginova.com\/our-offer\/services\/","url":"https:\/\/m2enginova.com\/our-offer\/services\/","name":"Services - EngiNova","isPartOf":{"@id":"https:\/\/m2enginova.com\/#website"},"datePublished":"2025-09-23T02:47:11+00:00","dateModified":"2025-11-05T13:28:34+00:00","breadcrumb":{"@id":"https:\/\/m2enginova.com\/our-offer\/services\/#breadcrumb"},"inLanguage":"fr-FR","potentialAction":[{"@type":"ReadAction","target":["https:\/\/m2enginova.com\/our-offer\/services\/"]}]},{"@type":"BreadcrumbList","@id":"https:\/\/m2enginova.com\/our-offer\/services\/#breadcrumb","itemListElement":[{"@type":"ListItem","position":1,"name":"Home","item":"https:\/\/m2enginova.com\/"},{"@type":"ListItem","position":2,"name":"Our offer","item":"https:\/\/m2enginova.com\/our-offer\/"},{"@type":"ListItem","position":3,"name":"Services"}]},{"@type":"WebSite","@id":"https:\/\/m2enginova.com\/#website","url":"https:\/\/m2enginova.com\/","name":"M2EngiNova","description":"EngiNova","publisher":{"@id":"https:\/\/m2enginova.com\/#organization"},"potentialAction":[{"@type":"SearchAction","target":{"@type":"EntryPoint","urlTemplate":"https:\/\/m2enginova.com\/?s={search_term_string}"},"query-input":{"@type":"PropertyValueSpecification","valueRequired":true,"valueName":"search_term_string"}}],"inLanguage":"fr-FR"},{"@type":"Organization","@id":"https:\/\/m2enginova.com\/#organization","name":"M2EngiNova","url":"https:\/\/m2enginova.com\/","logo":{"@type":"ImageObject","inLanguage":"fr-FR","@id":"https:\/\/m2enginova.com\/#\/schema\/logo\/image\/","url":"https:\/\/m2enginova.com\/wp-content\/uploads\/2025\/09\/Yellow-scaled-e1758547971651.png","contentUrl":"https:\/\/m2enginova.com\/wp-content\/uploads\/2025\/09\/Yellow-scaled-e1758547971651.png","width":1408,"height":1237,"caption":"M2EngiNova"},"image":{"@id":"https:\/\/m2enginova.com\/#\/schema\/logo\/image\/"}}]}},"_links":{"self":[{"href":"https:\/\/m2enginova.com\/fr\/wp-json\/wp\/v2\/pages\/108","targetHints":{"allow":["GET"]}}],"collection":[{"href":"https:\/\/m2enginova.com\/fr\/wp-json\/wp\/v2\/pages"}],"about":[{"href":"https:\/\/m2enginova.com\/fr\/wp-json\/wp\/v2\/types\/page"}],"author":[{"embeddable":true,"href":"https:\/\/m2enginova.com\/fr\/wp-json\/wp\/v2\/users\/1"}],"replies":[{"embeddable":true,"href":"https:\/\/m2enginova.com\/fr\/wp-json\/wp\/v2\/comments?post=108"}],"version-history":[{"count":0,"href":"https:\/\/m2enginova.com\/fr\/wp-json\/wp\/v2\/pages\/108\/revisions"}],"up":[{"embeddable":true,"href":"https:\/\/m2enginova.com\/fr\/wp-json\/wp\/v2\/pages\/286"}],"wp:attachment":[{"href":"https:\/\/m2enginova.com\/fr\/wp-json\/wp\/v2\/media?parent=108"}],"curies":[{"name":"wp","href":"https:\/\/api.w.org\/{rel}","templated":true}]}}